{"id":559,"date":"2024-01-06T10:47:50","date_gmt":"2024-01-06T10:47:50","guid":{"rendered":"https:\/\/asconsulting.aero\/?page_id=559"},"modified":"2024-02-20T13:48:52","modified_gmt":"2024-02-20T13:48:52","slug":"veille","status":"publish","type":"page","link":"https:\/\/asconsulting.aero\/asc\/veille","title":{"rendered":"Veille"},"content":{"rendered":"\t\t<div data-elementor-type=\"wp-page\" data-elementor-id=\"559\" class=\"elementor elementor-559\" data-elementor-post-type=\"page\">\n\t\t\t\t<div class=\"elementor-element elementor-element-65878ce e-flex e-con-boxed e-con e-parent\" data-id=\"65878ce\" data-element_type=\"container\">\n\t\t\t\t\t<div class=\"e-con-inner\">\n\t\t\t\t<div class=\"elementor-element elementor-element-1898c24 elementor-widget elementor-widget-heading\" data-id=\"1898c24\" data-element_type=\"widget\" data-widget_type=\"heading.default\">\n\t\t\t\t<div class=\"elementor-widget-container\">\n\t\t\t\t\t<h2 class=\"elementor-heading-title elementor-size-default\">Veille Concurentielle<\/h2>\t\t\t\t<\/div>\n\t\t\t\t<\/div>\n\t\t\t\t\t<\/div>\n\t\t\t\t<\/div>\n\t\t<div class=\"elementor-element elementor-element-ab55f00 e-flex e-con-boxed e-con e-parent\" data-id=\"ab55f00\" data-element_type=\"container\">\n\t\t\t\t\t<div class=\"e-con-inner\">\n\t\t\t\t<div class=\"elementor-element elementor-element-b546bb9 elementor-widget elementor-widget-heading\" data-id=\"b546bb9\" data-element_type=\"widget\" data-widget_type=\"heading.default\">\n\t\t\t\t<div class=\"elementor-widget-container\">\n\t\t\t\t\t<h3 class=\"elementor-heading-title elementor-size-default\">Etudes Produits et Services<\/h3>\t\t\t\t<\/div>\n\t\t\t\t<\/div>\n\t\t\t\t<div class=\"elementor-element elementor-element-83fde1e elementor-widget elementor-widget-heading\" data-id=\"83fde1e\" data-element_type=\"widget\" data-widget_type=\"heading.default\">\n\t\t\t\t<div class=\"elementor-widget-container\">\n\t\t\t\t\t<h4 class=\"elementor-heading-title elementor-size-default\">Etudes Permanentes<\/h4>\t\t\t\t<\/div>\n\t\t\t\t<\/div>\n\t\t\t\t<div class=\"elementor-element elementor-element-9d6ed38 elementor-widget elementor-widget-text-editor\" data-id=\"9d6ed38\" data-element_type=\"widget\" data-widget_type=\"text-editor.default\">\n\t\t\t\t<div class=\"elementor-widget-container\">\n\t\t\t\t\t\t\t\t\t<p><span style=\"color: #7a7a7a\"><span style=\"font-family: Helvetica\">Classe Affaire Long Courrier &#8211; Produits et services en vol \u2013 35 compagnies de r\u00e9f\u00e9rence<\/span><\/span><br \/><span style=\"color: #7a7a7a\"><span style=\"font-family: Helvetica\">Premium Economy \u2013 Produits et services en a\u00e9roport et \u00e0 bord \u2013 41 compagnies de r\u00e9f\u00e9rence<\/span><\/span><br \/><span style=\"color: #7a7a7a\"><span style=\"font-family: Helvetica\">Classe \u00c9conomique Long Courrier \u2013 Produits et services en vol \u2013 26 compagnies de r\u00e9f\u00e9rence<\/span><\/span><br \/><span style=\"color: #7a7a7a\"><span style=\"font-family: Helvetica\">Classe Affaires des compagnies europ\u00e9ennes sur les vols court et moyen-courriers \u2013 Produits et services en vol \u2013 16 compagnies de r\u00e9f\u00e9rence<\/span><\/span><br \/><span style=\"color: #7a7a7a\"><span style=\"font-family: Helvetica\">Classe \u00c9conomique des compagnies europ\u00e9ennes sur les vols court et moyen-courriers \u2013<\/span><\/span><br \/><span style=\"color: #7a7a7a\"><span style=\"font-family: Helvetica\">Produits et services en vol \u2013 26 compagnies de r\u00e9f\u00e9rence<\/span><\/span><br \/><span style=\"color: #7a7a7a\"><span style=\"font-family: Helvetica\">Salons en a\u00e9roports \u2013 Conception, produits et services \u2013 18 compagnies de r\u00e9f\u00e9rence<br \/><\/span><\/span>D\u00e9veloppement durable appliqu\u00e9 aux produits et services des compagnies a\u00e9riennes (en projet)<\/p>\t\t\t\t\t\t\t\t<\/div>\n\t\t\t\t<\/div>\n\t\t\t\t<div class=\"elementor-element elementor-element-a3e6c05 elementor-widget elementor-widget-heading\" data-id=\"a3e6c05\" data-element_type=\"widget\" data-widget_type=\"heading.default\">\n\t\t\t\t<div class=\"elementor-widget-container\">\n\t\t\t\t\t<h4 class=\"elementor-heading-title elementor-size-default\">M\u00e9thodologie<\/h4>\t\t\t\t<\/div>\n\t\t\t\t<\/div>\n\t\t\t\t<div class=\"elementor-element elementor-element-5423eff elementor-widget elementor-widget-text-editor\" data-id=\"5423eff\" data-element_type=\"widget\" data-widget_type=\"text-editor.default\">\n\t\t\t\t<div class=\"elementor-widget-container\">\n\t\t\t\t\t\t\t\t\t<p><span style=\"color: #7a7a7a\"><span style=\"font-family: Helvetica\">Analyse de milliers de retours clients (photographiques et\/ou vid\u00e9o) post\u00e9s \u00e0 travers le monde sur internet <\/span><\/span><span style=\"color: #7a7a7a\"><span style=\"font-family: Helvetica\">et sur les r\u00e9seaux sociaux.<\/span><\/span><br \/><span style=\"color: #7a7a7a\"><span style=\"font-family: Helvetica\">Champs d\u2019observation sur mesure ou standard.<\/span><\/span><br \/><span style=\"color: #7a7a7a\"><span style=\"font-family: Helvetica\">Actualisation permanente.<\/span><\/span><\/p>\t\t\t\t\t\t\t\t<\/div>\n\t\t\t\t<\/div>\n\t\t\t\t<div class=\"elementor-element elementor-element-18e44f2 elementor-widget elementor-widget-heading\" data-id=\"18e44f2\" data-element_type=\"widget\" data-widget_type=\"heading.default\">\n\t\t\t\t<div class=\"elementor-widget-container\">\n\t\t\t\t\t<h3 class=\"elementor-heading-title elementor-size-default\">Etudes Revenus Annexes<\/h3>\t\t\t\t<\/div>\n\t\t\t\t<\/div>\n\t\t\t\t<div class=\"elementor-element elementor-element-f5fcb25 elementor-widget elementor-widget-text-editor\" data-id=\"f5fcb25\" data-element_type=\"widget\" data-widget_type=\"text-editor.default\">\n\t\t\t\t<div class=\"elementor-widget-container\">\n\t\t\t\t\t\t\t\t\t<p><span style=\"color: #7a7a7a\"><span style=\"font-family: Helvetica\">Revenus annexes relatifs aux produits et services de 66 compagnies a\u00e9riennes traditionnelles.<\/span><\/span><br \/><span style=\"color: #7a7a7a\"><span style=\"font-family: Helvetica\">Revenus annexes relatifs aux produits et services de 65 compagnies a\u00e9riennes \u00e0 bas co\u00fbt.<\/span><br \/><span style=\"color: #7a7a7a\"><span style=\"font-family: Helvetica\">Revenus annexes relatifs aux produits et services \u2013 Champs d\u2019\u00e9tude sur mesure.<\/span><\/span><\/span><\/p>\t\t\t\t\t\t\t\t<\/div>\n\t\t\t\t<\/div>\n\t\t\t\t<div class=\"elementor-element elementor-element-b6aece7 elementor-widget elementor-widget-heading\" data-id=\"b6aece7\" data-element_type=\"widget\" data-widget_type=\"heading.default\">\n\t\t\t\t<div class=\"elementor-widget-container\">\n\t\t\t\t\t<h4 class=\"elementor-heading-title elementor-size-default\">M\u00e9thodologie<\/h4>\t\t\t\t<\/div>\n\t\t\t\t<\/div>\n\t\t\t\t<div class=\"elementor-element elementor-element-e00d883 elementor-widget elementor-widget-text-editor\" data-id=\"e00d883\" data-element_type=\"widget\" data-widget_type=\"text-editor.default\">\n\t\t\t\t<div class=\"elementor-widget-container\">\n\t\t\t\t\t\t\t\t\t<p><span style=\"color: #7a7a7a\"><span style=\"font-family: Helvetica\">Champs d\u2019observation sur mesure ou standard.<\/span><\/span><br \/><span style=\"color: #7a7a7a\"><span style=\"font-family: Helvetica\">Simulations d\u2019achats.<\/span><\/span><\/p>\t\t\t\t\t\t\t\t<\/div>\n\t\t\t\t<\/div>\n\t\t\t\t<div class=\"elementor-element elementor-element-0ca5ac4 elementor-widget elementor-widget-button\" data-id=\"0ca5ac4\" data-element_type=\"widget\" data-widget_type=\"button.default\">\n\t\t\t\t<div class=\"elementor-widget-container\">\n\t\t\t\t\t\t\t\t\t<div class=\"elementor-button-wrapper\">\n\t\t\t\t\t<a class=\"elementor-button elementor-button-link elementor-size-sm\" href=\"https:\/\/asconsulting.aero\/asc#produits\" id=\"retour1\">\n\t\t\t\t\t\t<span class=\"elementor-button-content-wrapper\">\n\t\t\t\t\t\t\t\t\t<span class=\"elementor-button-text\">Retour<\/span>\n\t\t\t\t\t<\/span>\n\t\t\t\t\t<\/a>\n\t\t\t\t<\/div>\n\t\t\t\t\t\t\t\t<\/div>\n\t\t\t\t<\/div>\n\t\t\t\t\t<\/div>\n\t\t\t\t<\/div>\n\t\t\t\t<\/div>\n\t\t","protected":false},"excerpt":{"rendered":"<p>Veille Concurentielle Etudes Produits et Services Etudes Permanentes Classe Affaire Long Courrier &#8211; Produits et services en vol \u2013 35 compagnies de r\u00e9f\u00e9rencePremium Economy \u2013 Produits et services en a\u00e9roport et \u00e0 bord \u2013 41 compagnies de r\u00e9f\u00e9renceClasse \u00c9conomique Long Courrier \u2013 Produits et services en vol \u2013 26 compagnies de r\u00e9f\u00e9renceClasse Affaires des compagnies [&hellip;]<\/p>\n","protected":false},"author":1,"featured_media":0,"parent":0,"menu_order":0,"comment_status":"closed","ping_status":"closed","template":"","meta":{"footnotes":""},"class_list":["post-559","page","type-page","status-publish","hentry"],"_links":{"self":[{"href":"https:\/\/asconsulting.aero\/asc\/wp-json\/wp\/v2\/pages\/559","targetHints":{"allow":["GET"]}}],"collection":[{"href":"https:\/\/asconsulting.aero\/asc\/wp-json\/wp\/v2\/pages"}],"about":[{"href":"https:\/\/asconsulting.aero\/asc\/wp-json\/wp\/v2\/types\/page"}],"author":[{"embeddable":true,"href":"https:\/\/asconsulting.aero\/asc\/wp-json\/wp\/v2\/users\/1"}],"replies":[{"embeddable":true,"href":"https:\/\/asconsulting.aero\/asc\/wp-json\/wp\/v2\/comments?post=559"}],"version-history":[{"count":79,"href":"https:\/\/asconsulting.aero\/asc\/wp-json\/wp\/v2\/pages\/559\/revisions"}],"predecessor-version":[{"id":1945,"href":"https:\/\/asconsulting.aero\/asc\/wp-json\/wp\/v2\/pages\/559\/revisions\/1945"}],"wp:attachment":[{"href":"https:\/\/asconsulting.aero\/asc\/wp-json\/wp\/v2\/media?parent=559"}],"curies":[{"name":"wp","href":"https:\/\/api.w.org\/{rel}","templated":true}]}}