{"id":2,"date":"2023-11-20T11:26:18","date_gmt":"2023-11-20T11:26:18","guid":{"rendered":"http:\/\/asconsulting.aero\/?page_id=2"},"modified":"2024-02-20T13:52:04","modified_gmt":"2024-02-20T13:52:04","slug":"procedures-2","status":"publish","type":"page","link":"https:\/\/asconsulting.aero\/asc\/procedures-2","title":{"rendered":"Procedures"},"content":{"rendered":"\t\t<div data-elementor-type=\"wp-page\" data-elementor-id=\"2\" class=\"elementor elementor-2\" data-elementor-post-type=\"page\">\n\t\t\t\t<div class=\"elementor-element elementor-element-45c1172d e-flex e-con-boxed e-con e-parent\" data-id=\"45c1172d\" data-element_type=\"container\">\n\t\t\t\t\t<div class=\"e-con-inner\">\n\t\t\t\t<div class=\"elementor-element elementor-element-486d498 elementor-widget elementor-widget-heading\" data-id=\"486d498\" data-element_type=\"widget\" data-widget_type=\"heading.default\">\n\t\t\t\t<div class=\"elementor-widget-container\">\n\t\t\t\t\t<h2 class=\"elementor-heading-title elementor-size-default\">Politiques Standards et Proc\u00e9dures<\/h2>\t\t\t\t<\/div>\n\t\t\t\t<\/div>\n\t\t\t\t\t<\/div>\n\t\t\t\t<\/div>\n\t\t<div class=\"elementor-element elementor-element-e1454c3 e-flex e-con-boxed e-con e-parent\" data-id=\"e1454c3\" data-element_type=\"container\">\n\t\t\t\t\t<div class=\"e-con-inner\">\n\t\t\t\t<div class=\"elementor-element elementor-element-6f0d257 elementor-widget elementor-widget-heading\" data-id=\"6f0d257\" data-element_type=\"widget\" data-widget_type=\"heading.default\">\n\t\t\t\t<div class=\"elementor-widget-container\">\n\t\t\t\t\t<h4 class=\"elementor-heading-title elementor-size-default\">Politiques Standards et Proc\u00e9dures<\/h4>\t\t\t\t<\/div>\n\t\t\t\t<\/div>\n\t\t\t\t<div class=\"elementor-element elementor-element-45753d19 elementor-widget elementor-widget-text-editor\" data-id=\"45753d19\" data-element_type=\"widget\" data-widget_type=\"text-editor.default\">\n\t\t\t\t<div class=\"elementor-widget-container\">\n\t\t\t\t\t\t\t\t\t<p>D\u00e9finition du positionnement marketing et produits.<br \/>Elaboration des produits et services, au sol et\/ou en vol.<br \/>Evaluation de nouveaux produits (si\u00e8ges, catering, etc) et\/ou de services (organisation et m\u00e9thodes de service).<br \/>D\u00e9finition des proc\u00e9dures de traitement du client \u00e0 chaque point de contact.<br \/>Aide \u00e0 la selection des fournisseurs.<br \/>D\u00e9finition de standards.<br \/>Mise en place d&rsquo;une organisation interne de gestion et suivi de la qualit\u00e9 de service.<\/p>\n\t\t\t\t\t\t\t\t<\/div>\n\t\t\t\t<\/div>\n\t\t\t\t<div class=\"elementor-element elementor-element-41c103c elementor-widget elementor-widget-heading\" data-id=\"41c103c\" data-element_type=\"widget\" data-widget_type=\"heading.default\">\n\t\t\t\t<div class=\"elementor-widget-container\">\n\t\t\t\t\t<h4 class=\"elementor-heading-title elementor-size-default\">M\u00e9thodologie<\/h4>\t\t\t\t<\/div>\n\t\t\t\t<\/div>\n\t\t\t\t<div class=\"elementor-element elementor-element-86088b8 elementor-widget elementor-widget-text-editor\" data-id=\"86088b8\" data-element_type=\"widget\" data-widget_type=\"text-editor.default\">\n\t\t\t\t<div class=\"elementor-widget-container\">\n\t\t\t\t\t\t\t\t\t<p>D\u00e9veloppement des projets avec les \u00e9quipes du client permettant une meilleure appropriation.<br \/>Approche totalement personnalis\u00e9e garantissant une meilleure efficacit\u00e9.<\/p>\t\t\t\t\t\t\t\t<\/div>\n\t\t\t\t<\/div>\n\t\t\t\t<div class=\"elementor-element elementor-element-91ab625 elementor-widget elementor-widget-button\" data-id=\"91ab625\" data-element_type=\"widget\" data-widget_type=\"button.default\">\n\t\t\t\t<div class=\"elementor-widget-container\">\n\t\t\t\t\t\t\t\t\t<div class=\"elementor-button-wrapper\">\n\t\t\t\t\t<a class=\"elementor-button elementor-button-link elementor-size-sm\" href=\"https:\/\/asconsulting.aero\/asc#produits\" id=\"retour3fr\">\n\t\t\t\t\t\t<span class=\"elementor-button-content-wrapper\">\n\t\t\t\t\t\t\t\t\t<span class=\"elementor-button-text\">Retour<\/span>\n\t\t\t\t\t<\/span>\n\t\t\t\t\t<\/a>\n\t\t\t\t<\/div>\n\t\t\t\t\t\t\t\t<\/div>\n\t\t\t\t<\/div>\n\t\t\t\t\t<\/div>\n\t\t\t\t<\/div>\n\t\t\t\t<\/div>\n\t\t","protected":false},"excerpt":{"rendered":"<p>Politiques Standards et Proc\u00e9dures Politiques Standards et Proc\u00e9dures D\u00e9finition du positionnement marketing et produits.Elaboration des produits et services, au sol et\/ou en vol.Evaluation de nouveaux produits (si\u00e8ges, catering, etc) et\/ou de services (organisation et m\u00e9thodes de service).D\u00e9finition des proc\u00e9dures de traitement du client \u00e0 chaque point de contact.Aide \u00e0 la selection des fournisseurs.D\u00e9finition de standards.Mise [&hellip;]<\/p>\n","protected":false},"author":1,"featured_media":0,"parent":0,"menu_order":0,"comment_status":"closed","ping_status":"open","template":"","meta":{"footnotes":""},"class_list":["post-2","page","type-page","status-publish","hentry"],"_links":{"self":[{"href":"https:\/\/asconsulting.aero\/asc\/wp-json\/wp\/v2\/pages\/2","targetHints":{"allow":["GET"]}}],"collection":[{"href":"https:\/\/asconsulting.aero\/asc\/wp-json\/wp\/v2\/pages"}],"about":[{"href":"https:\/\/asconsulting.aero\/asc\/wp-json\/wp\/v2\/types\/page"}],"author":[{"embeddable":true,"href":"https:\/\/asconsulting.aero\/asc\/wp-json\/wp\/v2\/users\/1"}],"replies":[{"embeddable":true,"href":"https:\/\/asconsulting.aero\/asc\/wp-json\/wp\/v2\/comments?post=2"}],"version-history":[{"count":41,"href":"https:\/\/asconsulting.aero\/asc\/wp-json\/wp\/v2\/pages\/2\/revisions"}],"predecessor-version":[{"id":1954,"href":"https:\/\/asconsulting.aero\/asc\/wp-json\/wp\/v2\/pages\/2\/revisions\/1954"}],"wp:attachment":[{"href":"https:\/\/asconsulting.aero\/asc\/wp-json\/wp\/v2\/media?parent=2"}],"curies":[{"name":"wp","href":"https:\/\/api.w.org\/{rel}","templated":true}]}}