{"id":19,"date":"2023-11-27T17:36:42","date_gmt":"2023-11-27T17:36:42","guid":{"rendered":"https:\/\/asconsulting.aero\/?page_id=19"},"modified":"2024-02-20T13:23:06","modified_gmt":"2024-02-20T13:23:06","slug":"elementor-19","status":"publish","type":"page","link":"https:\/\/asconsulting.aero\/asc\/elementor-19","title":{"rendered":"Audits-fr"},"content":{"rendered":"\t\t<div data-elementor-type=\"wp-page\" data-elementor-id=\"19\" class=\"elementor elementor-19\" data-elementor-post-type=\"page\">\n\t\t\t\t<div class=\"elementor-element elementor-element-c0db29d e-flex e-con-boxed e-con e-parent\" data-id=\"c0db29d\" data-element_type=\"container\">\n\t\t\t\t\t<div class=\"e-con-inner\">\n\t\t\t\t<div class=\"elementor-element elementor-element-fab6ce4 elementor-widget elementor-widget-heading\" data-id=\"fab6ce4\" data-element_type=\"widget\" id=\"auditsfr\" data-widget_type=\"heading.default\">\n\t\t\t\t<div class=\"elementor-widget-container\">\n\t\t\t\t\t<h1 class=\"elementor-heading-title elementor-size-default\">AUDITS<\/h1>\t\t\t\t<\/div>\n\t\t\t\t<\/div>\n\t\t\t\t<div class=\"elementor-element elementor-element-cdd42fe elementor-widget elementor-widget-heading\" data-id=\"cdd42fe\" data-element_type=\"widget\" data-widget_type=\"heading.default\">\n\t\t\t\t<div class=\"elementor-widget-container\">\n\t\t\t\t\t<h2 class=\"elementor-heading-title elementor-size-default\">\u00c9valuation de la d\u00e9livrance de votre exp\u00e9rience client\n<\/h2>\t\t\t\t<\/div>\n\t\t\t\t<\/div>\n\t\t\t\t<div class=\"elementor-element elementor-element-7242749 elementor-widget elementor-widget-text-editor\" data-id=\"7242749\" data-element_type=\"widget\" data-widget_type=\"text-editor.default\">\n\t\t\t\t<div class=\"elementor-widget-container\">\n\t\t\t\t\t\t\t\t\t<h4>Diagnostique<\/h4><p>Notre valuation ind\u00e9pendante et modulable de la d\u00e9livrance de l&rsquo;exp\u00e9rience client offre une vision d\u00e9taill\u00e9e et compl\u00e9mentaire de celle fournie par les outils habituels.<br \/>Elle s&rsquo;applique aux compagnies a\u00e9riennes et aux a\u00e9roports.<\/p><h4>M\u00e9thodologie<\/h4><p>D\u00e9finie sur mesure en fonction des objectifs du client.<br \/>M\u00e9thode de l&rsquo;auditeur myst\u00e8re recommand\u00e9e.<\/p><h4>Atouts<\/h4><p>Observation et analyse neutre.<br \/>Aide \u00e0 la d\u00e9cision en mati\u00e8re de d\u00e9veloppement de l&rsquo;exp\u00e9rience client.<br \/>R\u00e9f\u00e9rentiel pour la d\u00e9finition des contenus des formations des agents frontline.<br \/>Mise en perspective avec les meilleurs standards de l&rsquo;industrie.<\/p>\t\t\t\t\t\t\t\t<\/div>\n\t\t\t\t<\/div>\n\t\t\t\t<div class=\"elementor-element elementor-element-1e3e9bb elementor-widget elementor-widget-heading\" data-id=\"1e3e9bb\" data-element_type=\"widget\" data-widget_type=\"heading.default\">\n\t\t\t\t<div class=\"elementor-widget-container\">\n\t\t\t\t\t<h3 class=\"elementor-heading-title elementor-size-default\">\u00c9valuation des acteurs de r\u00e9f\u00e9rence ou concurrents<\/h3>\t\t\t\t<\/div>\n\t\t\t\t<\/div>\n\t\t\t\t<div class=\"elementor-element elementor-element-1a643a4 elementor-widget elementor-widget-text-editor\" data-id=\"1a643a4\" data-element_type=\"widget\" data-widget_type=\"text-editor.default\">\n\t\t\t\t<div class=\"elementor-widget-container\">\n\t\t\t\t\t\t\t\t\tCible : la compagnie a\u00e9rienne et\/ou l&rsquo;a\u00e9roport de votre choix.\nNos audits sur le terrain, outil de veille concurrence, permettent de collecter toutes les informations relatives aux produits et services tels que fournis r\u00e9ellement par la compagnie a\u00e9rienne ou l&rsquo;a\u00e9roport observ\u00e9.\n\n<h4>M\u00e9thodologie<\/h4>\nM\u00e9thodologie auditeur myst\u00e8re recommand\u00e9e.\n\t\t\t\t\t\t\t\t<\/div>\n\t\t\t\t<\/div>\n\t\t\t\t\t<\/div>\n\t\t\t\t<\/div>\n\t\t<div class=\"elementor-element elementor-element-e47c37d e-flex e-con-boxed e-con e-parent\" data-id=\"e47c37d\" data-element_type=\"container\">\n\t\t\t\t\t<div class=\"e-con-inner\">\n\t\t\t\t<div class=\"elementor-element elementor-element-fcc8584 elementor-widget elementor-widget-button\" data-id=\"fcc8584\" data-element_type=\"widget\" data-widget_type=\"button.default\">\n\t\t\t\t<div class=\"elementor-widget-container\">\n\t\t\t\t\t\t\t\t\t<div class=\"elementor-button-wrapper\">\n\t\t\t\t\t<a class=\"elementor-button elementor-button-link elementor-size-sm\" href=\"https:\/\/asconsulting.aero\/asc#produits\" id=\"RetourAuditsfr\">\n\t\t\t\t\t\t<span class=\"elementor-button-content-wrapper\">\n\t\t\t\t\t\t\t\t\t<span class=\"elementor-button-text\">Retour<\/span>\n\t\t\t\t\t<\/span>\n\t\t\t\t\t<\/a>\n\t\t\t\t<\/div>\n\t\t\t\t\t\t\t\t<\/div>\n\t\t\t\t<\/div>\n\t\t\t\t\t<\/div>\n\t\t\t\t<\/div>\n\t\t\t\t<\/div>\n\t\t","protected":false},"excerpt":{"rendered":"<p>AUDITS \u00c9valuation de la d\u00e9livrance de votre exp\u00e9rience client Diagnostique Notre valuation ind\u00e9pendante et modulable de la d\u00e9livrance de l&rsquo;exp\u00e9rience client offre une vision d\u00e9taill\u00e9e et compl\u00e9mentaire de celle fournie par les outils habituels.Elle s&rsquo;applique aux compagnies a\u00e9riennes et aux a\u00e9roports. M\u00e9thodologie D\u00e9finie sur mesure en fonction des objectifs du client.M\u00e9thode de l&rsquo;auditeur myst\u00e8re recommand\u00e9e. [&hellip;]<\/p>\n","protected":false},"author":1,"featured_media":0,"parent":0,"menu_order":0,"comment_status":"closed","ping_status":"closed","template":"","meta":{"footnotes":""},"class_list":["post-19","page","type-page","status-publish","hentry"],"_links":{"self":[{"href":"https:\/\/asconsulting.aero\/asc\/wp-json\/wp\/v2\/pages\/19","targetHints":{"allow":["GET"]}}],"collection":[{"href":"https:\/\/asconsulting.aero\/asc\/wp-json\/wp\/v2\/pages"}],"about":[{"href":"https:\/\/asconsulting.aero\/asc\/wp-json\/wp\/v2\/types\/page"}],"author":[{"embeddable":true,"href":"https:\/\/asconsulting.aero\/asc\/wp-json\/wp\/v2\/users\/1"}],"replies":[{"embeddable":true,"href":"https:\/\/asconsulting.aero\/asc\/wp-json\/wp\/v2\/comments?post=19"}],"version-history":[{"count":78,"href":"https:\/\/asconsulting.aero\/asc\/wp-json\/wp\/v2\/pages\/19\/revisions"}],"predecessor-version":[{"id":1908,"href":"https:\/\/asconsulting.aero\/asc\/wp-json\/wp\/v2\/pages\/19\/revisions\/1908"}],"wp:attachment":[{"href":"https:\/\/asconsulting.aero\/asc\/wp-json\/wp\/v2\/media?parent=19"}],"curies":[{"name":"wp","href":"https:\/\/api.w.org\/{rel}","templated":true}]}}