{"id":1158,"date":"2024-02-09T15:36:49","date_gmt":"2024-02-09T15:36:49","guid":{"rendered":"https:\/\/asconsulting.aero\/asc\/?page_id=1158"},"modified":"2024-02-12T11:39:46","modified_gmt":"2024-02-12T11:39:46","slug":"formation","status":"publish","type":"page","link":"https:\/\/asconsulting.aero\/asc\/formation","title":{"rendered":"Formation"},"content":{"rendered":"\t\t<div data-elementor-type=\"wp-page\" data-elementor-id=\"1158\" class=\"elementor elementor-1158\" data-elementor-post-type=\"page\">\n\t\t\t\t<div class=\"elementor-element elementor-element-f743bcd e-flex e-con-boxed e-con e-parent\" data-id=\"f743bcd\" data-element_type=\"container\">\n\t\t\t\t\t<div class=\"e-con-inner\">\n\t\t\t\t<div class=\"elementor-element elementor-element-c2e5e0c elementor-widget elementor-widget-heading\" data-id=\"c2e5e0c\" data-element_type=\"widget\" data-widget_type=\"heading.default\">\n\t\t\t\t<div class=\"elementor-widget-container\">\n\t\t\t\t\t<h2 class=\"elementor-heading-title elementor-size-default\">Formation<\/h2>\t\t\t\t<\/div>\n\t\t\t\t<\/div>\n\t\t\t\t\t<\/div>\n\t\t\t\t<\/div>\n\t\t<div class=\"elementor-element elementor-element-e170f79 e-flex e-con-boxed e-con e-parent\" data-id=\"e170f79\" data-element_type=\"container\">\n\t\t\t\t\t<div class=\"e-con-inner\">\n\t\t\t\t<div class=\"elementor-element elementor-element-fe64163 elementor-widget elementor-widget-text-editor\" data-id=\"fe64163\" data-element_type=\"widget\" data-widget_type=\"text-editor.default\">\n\t\t\t\t<div class=\"elementor-widget-container\">\n\t\t\t\t\t\t\t\t\t<p>Modules centr\u00e9s sur le client, la relation de service et la qualit\u00e9.<br \/>D\u00e9livr\u00e9s en fran\u00e7ais ou en anglais, contenus enti\u00e8rement personnalisables pour garantir une plus grande efficacit\u00e9.<br \/>Modules r\u00e9alisables par vos formateurs.<br \/>Option: formation d&rsquo;animateur m\u00e9tier.<\/p>\t\t\t\t\t\t\t\t<\/div>\n\t\t\t\t<\/div>\n\t\t\t\t<div class=\"elementor-element elementor-element-285f07a elementor-widget elementor-widget-heading\" data-id=\"285f07a\" data-element_type=\"widget\" data-widget_type=\"heading.default\">\n\t\t\t\t<div class=\"elementor-widget-container\">\n\t\t\t\t\t<h4 class=\"elementor-heading-title elementor-size-default\">Formations existantes<\/h4>\t\t\t\t<\/div>\n\t\t\t\t<\/div>\n\t\t\t\t<div class=\"elementor-element elementor-element-d8b2506 elementor-widget elementor-widget-text-editor\" data-id=\"d8b2506\" data-element_type=\"widget\" data-widget_type=\"text-editor.default\">\n\t\t\t\t<div class=\"elementor-widget-container\">\n\t\t\t\t\t\t\t\t\t<p>R\u00f4le strat\u00e9gique de la culture et de l&rsquo;exp\u00e9rience client \u00e0 l&rsquo;intention des managers des compagnies a\u00e9riennes.<br \/>R\u00f4le strat\u00e9gique de la culture et de l&rsquo;exp\u00e9rience client \u00e0 l&rsquo;intention des managers des a\u00e9roports.<br \/>Accueil et relation clients pour les agents commerciaux des compagnies a\u00e9riennes et des a\u00e9roports.<br \/>Accueil et relation clients pour les Personnels Navigants Commerciaux.<br \/>Excellence de service \u00e0 l&rsquo;intention du Personnel Navigant Commercial.<\/p>\t\t\t\t\t\t\t\t<\/div>\n\t\t\t\t<\/div>\n\t\t\t\t<div class=\"elementor-element elementor-element-6ef24be elementor-widget elementor-widget-button\" data-id=\"6ef24be\" data-element_type=\"widget\" data-widget_type=\"button.default\">\n\t\t\t\t<div class=\"elementor-widget-container\">\n\t\t\t\t\t\t\t\t\t<div class=\"elementor-button-wrapper\">\n\t\t\t\t\t<a class=\"elementor-button elementor-button-link elementor-size-sm\" href=\"https:\/\/asconsulting.aero\/asc#produits\" https=\"\" id=\"retour4\">\n\t\t\t\t\t\t<span class=\"elementor-button-content-wrapper\">\n\t\t\t\t\t\t\t\t\t<span class=\"elementor-button-text\">Retour<\/span>\n\t\t\t\t\t<\/span>\n\t\t\t\t\t<\/a>\n\t\t\t\t<\/div>\n\t\t\t\t\t\t\t\t<\/div>\n\t\t\t\t<\/div>\n\t\t\t\t\t<\/div>\n\t\t\t\t<\/div>\n\t\t\t\t<\/div>\n\t\t","protected":false},"excerpt":{"rendered":"<p>Formation Modules centr\u00e9s sur le client, la relation de service et la qualit\u00e9.D\u00e9livr\u00e9s en fran\u00e7ais ou en anglais, contenus enti\u00e8rement personnalisables pour garantir une plus grande efficacit\u00e9.Modules r\u00e9alisables par vos formateurs.Option: formation d&rsquo;animateur m\u00e9tier. Formations existantes R\u00f4le strat\u00e9gique de la culture et de l&rsquo;exp\u00e9rience client \u00e0 l&rsquo;intention des managers des compagnies a\u00e9riennes.R\u00f4le strat\u00e9gique de la [&hellip;]<\/p>\n","protected":false},"author":1,"featured_media":0,"parent":0,"menu_order":0,"comment_status":"closed","ping_status":"closed","template":"","meta":{"footnotes":""},"class_list":["post-1158","page","type-page","status-publish","hentry"],"_links":{"self":[{"href":"https:\/\/asconsulting.aero\/asc\/wp-json\/wp\/v2\/pages\/1158","targetHints":{"allow":["GET"]}}],"collection":[{"href":"https:\/\/asconsulting.aero\/asc\/wp-json\/wp\/v2\/pages"}],"about":[{"href":"https:\/\/asconsulting.aero\/asc\/wp-json\/wp\/v2\/types\/page"}],"author":[{"embeddable":true,"href":"https:\/\/asconsulting.aero\/asc\/wp-json\/wp\/v2\/users\/1"}],"replies":[{"embeddable":true,"href":"https:\/\/asconsulting.aero\/asc\/wp-json\/wp\/v2\/comments?post=1158"}],"version-history":[{"count":13,"href":"https:\/\/asconsulting.aero\/asc\/wp-json\/wp\/v2\/pages\/1158\/revisions"}],"predecessor-version":[{"id":1613,"href":"https:\/\/asconsulting.aero\/asc\/wp-json\/wp\/v2\/pages\/1158\/revisions\/1613"}],"wp:attachment":[{"href":"https:\/\/asconsulting.aero\/asc\/wp-json\/wp\/v2\/media?parent=1158"}],"curies":[{"name":"wp","href":"https:\/\/api.w.org\/{rel}","templated":true}]}}